{"id":1025,"date":"2024-10-17T11:44:37","date_gmt":"2024-10-17T10:44:37","guid":{"rendered":"https:\/\/contactoatlantico.com\/sobre-nos\/"},"modified":"2026-03-31T10:09:04","modified_gmt":"2026-03-31T09:09:04","slug":"sobre-nos","status":"publish","type":"page","link":"https:\/\/contactoatlantico.com\/pt-pt\/sobre-nos\/","title":{"rendered":"Sobre N\u00f3s"},"content":{"rendered":"\n<p>A Contacto Atl\u00e2ntico \u00e9 um atelier de arquitetura de refer\u00eancia em Portugal, fundado em 1996 pelo Arquiteto Andr\u00e9 Caiado. Com sede em Portugal e presen\u00e7a internacional atrav\u00e9s de escrit\u00f3rios em Lisboa e S\u00e3o Paulo, a empresa afirma-se como uma das principais firmas de arquitetura em Portugal, sendo frequentemente reconhecida como uma das melhores op\u00e7\u00f5es para quem procura um arquiteto em Lisboa.<\/p>\n\n\n\n<p>Reconhecida pelo seu compromisso com a qualidade, efici\u00eancia e aten\u00e7\u00e3o ao detalhe, a Contacto Atl\u00e2ntico desenvolve projetos de arquitetura que respondem com precis\u00e3o \u00e0s exig\u00eancias de cada cliente. Em 2025, este percurso foi distinguido com o pr\u00e9mio Atelier do Ano nos <strong><a href=\"https:\/\/premios.construir.pt\/2025\/\" target=\"_blank\" rel=\"noreferrer noopener\">Pr\u00e9mios Construir<\/a><\/strong>, refor\u00e7ando o seu posicionamento como uma melhor firma de arquitetura em Lisboa.<\/p>\n\n\n\n<p>A sua abordagem vers\u00e1til, aliada a rela\u00e7\u00f5es s\u00f3lidas e duradouras, permite uma atua\u00e7\u00e3o pr\u00f3xima e eficaz em diferentes geografias, colaborando com clientes em todos os continentes.<\/p>\n\n\n\n<p>O sucesso do atelier assenta numa equipa altamente qualificada, com mais de 30 anos de experi\u00eancia acumulada. Arquitetos, engenheiros, designers de interiores e arquitetos paisagistas trabalham de forma integrada, garantindo uma leitura completa e aprofundada de todas as fases do projeto. Esta abordagem multidisciplinar assegura uma resposta consistente e informada aos desafios espec\u00edficos de cada interven\u00e7\u00e3o.<\/p>\n\n\n\n<p>A Contacto Atl\u00e2ntico desenvolve projetos em diversos setores, incluindo residencial, espa\u00e7os de trabalho flex\u00edveis, unidades hoteleiras, equipamentos de sa\u00fade e planeamento urbano. Cada projeto \u00e9 abordado com uma compreens\u00e3o rigorosa do contexto, dos usos e da identidade do lugar, resultando em solu\u00e7\u00f5es arquitet\u00f3nicas que equilibram funcionalidade, est\u00e9tica e valor a longo prazo.<\/p>\n\n\n\n<p>Na linha da frente da inova\u00e7\u00e3o, o atelier integra tecnologias avan\u00e7adas no processo de projeto, incluindo BIM, visualiza\u00e7\u00e3o 3D atrav\u00e9s de realidade virtual e estrat\u00e9gias de constru\u00e7\u00e3o sustent\u00e1vel, como os edif\u00edcios NZEB (Net Zero Energy Buildings). Esta abordagem permite maior precis\u00e3o, efici\u00eancia e controlo ao longo de todo o desenvolvimento, refor\u00e7ando o compromisso com uma arquitetura contempor\u00e2nea, respons\u00e1vel e orientada para o futuro.<\/p>\n\n\n\n<div style=\"height:60px\" aria-hidden=\"true\" class=\"wp-block-spacer\"><\/div>\n\n\n\n<figure class=\"wp-block-image aligncenter size-large\"><a href=\"https:\/\/contactoatlantico.com\/pt-pt\/receba-a-nossa-brochura\/\" target=\"_blank\" rel=\"noreferrer noopener\"><img alt=\"\" decoding=\"async\" width=\"1024\" height=\"740\" data-src=\"https:\/\/contactoatlantico.com\/wp-content\/uploads\/2024\/10\/Capa-brochura-website-1-1024x740.jpg\" alt=\"\" class=\"wp-image-747 lazyload\" style=\"--smush-placeholder-width: 1024px; --smush-placeholder-aspect-ratio: 1024\/740;object-fit:cover\" data-srcset=\"https:\/\/contactoatlantico.com\/wp-content\/uploads\/2024\/10\/Capa-brochura-website-1-1024x740.jpg 1024w, https:\/\/contactoatlantico.com\/wp-content\/uploads\/2024\/10\/Capa-brochura-website-1-300x217.jpg 300w, https:\/\/contactoatlantico.com\/wp-content\/uploads\/2024\/10\/Capa-brochura-website-1-768x555.jpg 768w, https:\/\/contactoatlantico.com\/wp-content\/uploads\/2024\/10\/Capa-brochura-website-1.jpg 1495w\" data-sizes=\"(max-width: 1024px) 100vw, 1024px\" src=\"data:image\/svg+xml;base64,PHN2ZyB3aWR0aD0iMSIgaGVpZ2h0PSIxIiB4bWxucz0iaHR0cDovL3d3dy53My5vcmcvMjAwMC9zdmciPjwvc3ZnPg==\" \/><\/a><figcaption class=\"wp-element-caption\"><a href=\"https:\/\/contactoatlantico.com\/pt-pt\/receba-a-nossa-brochura\/\" data-type=\"page\" data-id=\"765\" target=\"_blank\" rel=\"noreferrer noopener\">DOWNLOAD DA BROCHURA<\/a><\/figcaption><\/figure>\n\n\n\n<div style=\"height:60px\" aria-hidden=\"true\" class=\"wp-block-spacer\"><\/div>\n\n\n\n<aside>\n\n        \n            <h2 class=\"text-xl font-bold uppercase font-body\">Pr\u00e9mios, Distin\u00e7\u00f5es e Publica\u00e7\u00f5es<\/h2>\n        <div class=\"awards-container\">\n                        <div class=\"py-5 my-5 border-b border-black\">\n                                            <h3 class=\"font-bold uppercase\">Pr\u00e9mios Construir 2025<\/h3>\n                                        <p>\n                        <!-- wp:paragraph -->\n<p><a href=\"https:\/\/premios.construir.pt\/2025\/\">5 Melhores Ateliers de Arquitectura em Portugal <\/a><\/p>\n<!-- \/wp:paragraph -->\n\n<!-- wp:paragraph -->\n<p><\/p>\n<!-- \/wp:paragraph -->                    <\/p>\n                <\/div>\n                                <div class=\"py-5 my-5 border-b border-black\">\n                                            <h3 class=\"font-bold uppercase\">QUARTEIR\u00c3O DO ROSSIO &#8211; PRA\u00c7A DOM PEDRO IV 96<\/h3>\n                                        <p>\n                        <!-- wp:paragraph -->\n<p>Lisboa, Portugal<\/p>\n<!-- \/wp:paragraph -->\n\n<!-- wp:paragraph -->\n<p><\/p>\n<!-- \/wp:paragraph -->\n\n<!-- wp:paragraph -->\n<p>Vencedor: <a href=\"https:\/\/www.premiosmagazineimobiliario.com\/vencedores#p10096144121311105\">Pr\u00e9mio Nacional do Imobili\u00e1rio 2025<\/a><br>Categoria: Com\u00e9rcio<\/p>\n<!-- \/wp:paragraph -->\n\n<!-- wp:paragraph -->\n<p>Vencedor: <a href=\"https:\/\/vidaimobiliaria.com\/editorial\/porto-vila-conde-lisboa-vencem-premio-nacional-reabilitacao-urbana\/\">Pr\u00e9mio Nacional de Reabilita\u00e7\u00e3o Urbana 2025<\/a><br>Categoria: Melhor Reabilita\u00e7\u00e3o Estrutural<\/p>\n<!-- \/wp:paragraph -->\n\n<!-- wp:paragraph -->\n<p><\/p>\n<!-- \/wp:paragraph -->                    <\/p>\n                <\/div>\n                                <div class=\"py-5 my-5 border-b border-black\">\n                                            <h3 class=\"font-bold uppercase\">DI\u00c1RIO DE NOT\u00cdCIAS \u2013 AVENIDA DA LIBERDADE 266<\/h3>\n                                        <p>\n                        <!-- wp:paragraph -->\n<p>Lisboa, Portugal<\/p>\n<!-- \/wp:paragraph -->\n\n<!-- wp:paragraph -->\n<p><\/p>\n<!-- \/wp:paragraph -->\n\n<!-- wp:paragraph -->\n<p>Vencedor: <a href=\"https:\/\/www.ihru.pt\/web\/guest\/367\">Pr\u00e9mio Nuno Teot\u00f3nio Pereira 2022<\/a><br>Categoria: Melhor Reabilita\u00e7\u00e3o\/Convers\u00e3o de Edif\u00edcio de Escrit\u00f3rios para Habita\u00e7\u00e3o e Retalho<\/p>\n<!-- \/wp:paragraph -->\n\n<!-- wp:paragraph -->\n<p>Vencedor: <a href=\"https:\/\/espacodearquitetura.com\/noticias\/lisboa-porto-braga-guimaraes-e-sao-pedro-do-sul-vencem-premio-nacional-de-reabilitacao-urbana\/#:~:text=As%20cidades%20de%20Lisboa%2C%20Porto%2C%20Braga%2C%20Guimar%C3%A3es,os%20vencedores%20da%20edi%C3%A7%C3%A3o%20de%202021%20foram.\">Pr\u00e9mio RU 2021<\/a><br>Categoria: Melhor Reabilita\u00e7\u00e3o Urbana &#8211; Habita\u00e7\u00e3o Vencedor: Pr\u00e9mio RU 2021<br>Categoria: Melhor Reabilita\u00e7\u00e3o Urbana &#8211; Na cidade de Lisboa<\/p>\n<!-- \/wp:paragraph -->\n\n<!-- wp:paragraph -->\n<p><\/p>\n<!-- \/wp:paragraph -->\n\n<!-- wp:paragraph -->\n<p><\/p>\n<!-- \/wp:paragraph -->                    <\/p>\n                <\/div>\n                                <div class=\"py-5 my-5 border-b border-black\">\n                                            <h3 class=\"font-bold uppercase\">CASA APALA\u00c7ADA &#8211; AVENIDA DA LIBERDADE 193<\/h3>\n                                        <p>\n                        <!-- wp:paragraph -->\n<p>Lisboa, Portugal<\/p>\n<!-- \/wp:paragraph -->\n\n<!-- wp:paragraph -->\n<p>Vencedor: <a href=\"https:\/\/www.idealista.pt\/news\/imobiliario\/habitacao\/2019\/10\/18\/41227-os-vencedores-dos-premios-sil-2019-sao\">Pr\u00e9mio SIL Imobili\u00e1rio 2019<\/a><br>Categoria: Melhor Reabilita\u00e7\u00e3o Urbana &#8211; Com\u00e9rcio e Servi\u00e7os<\/p>\n<!-- \/wp:paragraph -->\n\n<!-- wp:paragraph -->\n<p>Men\u00e7\u00e3o Honrosa: Pr\u00e9mio Nacional de Reabilita\u00e7\u00e3o Urbana 2019<br>Categoria: Melhor Interven\u00e7\u00e3o de Uso Comercial e Servi\u00e7os<\/p>\n<!-- \/wp:paragraph -->\n\n<!-- wp:paragraph -->\n<p><\/p>\n<!-- \/wp:paragraph -->                    <\/p>\n                <\/div>\n                                <div class=\"py-5 my-5 border-b border-black\">\n                                            <h3 class=\"font-bold uppercase\">ALC\u00d4A<\/h3>\n                                        <p>\n                        <!-- wp:paragraph -->\n<p>Archdaily, Brasil<br>Hospitality Snapshoots, USA<br>Archello, Holland<br>Retail Design, Asia<br>Rethinking the future, India<\/p>\n<!-- \/wp:paragraph -->                    <\/p>\n                <\/div>\n                                <div class=\"py-5 my-5 border-b border-black\">\n                                            <h3 class=\"font-bold uppercase\">ALENTEJO RESTAURANT<\/h3>\n                                        <p>\n                        <!-- wp:paragraph -->\n<p>ArchDaily, Brasil<br>Espa\u00e7o de Arquitectura, Portugal<\/p>\n<!-- \/wp:paragraph -->                    <\/p>\n                <\/div>\n                                <div class=\"py-5 my-5 border-b border-black\">\n                                            <h3 class=\"font-bold uppercase\">AV. 5 OUTUBRO \u2013 LINEA RESIDENCES<\/h3>\n                                        <p>\n                        <!-- wp:paragraph -->\n<p>Abode 2, UK<br>AlphaConstruir, Portugal<br>Anteprojectos, Portugal<\/p>\n<!-- \/wp:paragraph -->                    <\/p>\n                <\/div>\n                                <div class=\"py-5 my-5 border-b border-black\">\n                                            <h3 class=\"font-bold uppercase\">BLUE PALACE<\/h3>\n                                        <p>\n                        <!-- wp:paragraph -->\n<p>Good Homes, India<br>Rethinking the Future, India<\/p>\n<!-- \/wp:paragraph -->                    <\/p>\n                <\/div>\n                                <div class=\"py-5 my-5 border-b border-black\">\n                                            <h3 class=\"font-bold uppercase\">CARNAXIDE OFFICES<\/h3>\n                                        <p>\n                        <!-- wp:paragraph -->\n<p>E-architect Homepage, UK<\/p>\n<!-- \/wp:paragraph -->                    <\/p>\n                <\/div>\n                                <div class=\"py-5 my-5 border-b border-black\">\n                                            <h3 class=\"font-bold uppercase\">CASTILHO OFFICE<\/h3>\n                                        <p>\n                        <!-- wp:paragraph -->\n<p>Archdaily, Brasil<br>Archello, Holland<br>Office Lovin\u2019, Czech Republic<br>Espa\u00e7o de Arquitectura, Portugal<\/p>\n<!-- \/wp:paragraph -->                    <\/p>\n                <\/div>\n                                <div class=\"py-5 my-5 border-b border-black\">\n                                            <h3 class=\"font-bold uppercase\">DOURADORES 160<\/h3>\n                                        <p>\n                        <!-- wp:paragraph -->\n<p>88 Design Box, USA<\/p>\n<!-- \/wp:paragraph -->                    <\/p>\n                <\/div>\n                                <div class=\"py-5 my-5 border-b border-black\">\n                                            <h3 class=\"font-bold uppercase\">GUIA HOUSE<\/h3>\n                                        <p>\n                        <!-- wp:paragraph -->\n<p>Design Raid, Canada<br>Liberal Eclectic, Australia<br>My House Idea, Italia<br>Archlovin, Czech Republic<br>Archello, Holland<br>House Dairies, Greece<br>Liberal Eclectic, Australia<br>Da Vinci Lifestyle, China<br>Editora Olhares, Brazil<br>Espa\u00e7o de Arquitectura, Portugal<\/p>\n<!-- \/wp:paragraph -->                    <\/p>\n                <\/div>\n                                <div class=\"py-5 my-5 border-b border-black\">\n                                            <h3 class=\"font-bold uppercase\">HOUSE IN LAPA<\/h3>\n                                        <p>\n                        <!-- wp:paragraph -->\n<p>ARQA, Argentina<br>Not a Paper House, UK<br>Built Environment Channel, Australia<br>Archdaily, Brasil<br>Archello, Holland<br>Rethinking the Future, India<br>Espa\u00e7o de Arquitectura, Portugal<\/p>\n<!-- \/wp:paragraph -->                    <\/p>\n                <\/div>\n                                <div class=\"py-5 my-5 border-b border-black\">\n                                            <h3 class=\"font-bold uppercase\">JAMIE ITALIAN<\/h3>\n                                        <p>\n                        <!-- wp:paragraph -->\n<p>Archdaily, Brasil<\/p>\n<!-- \/wp:paragraph -->                    <\/p>\n                <\/div>\n                                <div class=\"py-5 my-5 border-b border-black\">\n                                            <h3 class=\"font-bold uppercase\">NOVA ROOFTOP<\/h3>\n                                        <p>\n                        <!-- wp:paragraph -->\n<p>Archdaily, Brasil<br>Floornature, Italia1<br>AEC Caf\u00e9, USA (New York)<\/p>\n<!-- \/wp:paragraph -->                    <\/p>\n                <\/div>\n                                <div class=\"py-5 my-5 border-b border-black\">\n                                            <h3 class=\"font-bold uppercase\">NOVO BANCO OFFICES<\/h3>\n                                        <p>\n                        <!-- wp:paragraph -->\n<p>E-architect Homepage, UK<\/p>\n<!-- \/wp:paragraph -->                    <\/p>\n                <\/div>\n                                <div class=\"py-5 my-5 border-b border-black\">\n                                            <h3 class=\"font-bold uppercase\">ROMA APARTMENT<\/h3>\n                                        <p>\n                        <!-- wp:paragraph -->\n<p>Archello, Holland<\/p>\n<!-- \/wp:paragraph -->                    <\/p>\n                <\/div>\n                                <div class=\"py-5 my-5 border-b border-black\">\n                                            <h3 class=\"font-bold uppercase\">THE GREEN AFFAIR BAIXA<\/h3>\n                                        <p>\n                        <!-- wp:paragraph -->\n<p>Archello, Holland<br>Archlovin, Tcheck Republic<br>Archdaily, Europe<br>Hospitality Snapshoots, USA<\/p>\n<!-- \/wp:paragraph -->                    <\/p>\n                <\/div>\n                                <div class=\"py-5 my-5 border-b border-black\">\n                                            <h3 class=\"font-bold uppercase\">THE GREEN AFFAIR SALDANHA<\/h3>\n                                        <p>\n                        <!-- wp:paragraph -->\n<p>Archdaily, Brazil<br>Archlovin\u2019, Czech Republic<br>Archi Echo, Serbia<br>Bowerbird, Holland<br>Surreal Studios, Kenya<\/p>\n<!-- \/wp:paragraph -->                    <\/p>\n                <\/div>\n                                <div class=\"py-5 my-5 border-b border-black\">\n                                            <h3 class=\"font-bold uppercase\">THE OPTIMISTIC BRUNCH<\/h3>\n                                        <p>\n                        <!-- wp:paragraph -->\n<p>Pendulum, UK<br>Archdaily, Brasil<br>Archello, Holland<br>Bowerbird, Holland<br>Archlovin, Tcheck Republic<br>Rethinking the Future, India<\/p>\n<!-- \/wp:paragraph -->                    <\/p>\n                <\/div>\n                        <\/div>\n            \n<\/aside>","protected":false},"excerpt":{"rendered":"<p>A Contacto Atl\u00e2ntico \u00e9 um atelier de arquitetura de refer\u00eancia em Portugal, fundado em 1996 pelo Arquiteto Andr\u00e9 Caiado. Com sede em Portugal e presen\u00e7a internacional atrav\u00e9s de escrit\u00f3rios em Lisboa e S\u00e3o Paulo, a empresa afirma-se como uma das principais firmas de arquitetura em Portugal, sendo frequentemente reconhecida como uma das melhores op\u00e7\u00f5es para [&hellip;]<\/p>\n","protected":false},"author":1,"featured_media":0,"parent":0,"menu_order":0,"comment_status":"closed","ping_status":"closed","template":"","meta":{"_acf_changed":false,"_seopress_robots_primary_cat":"","_seopress_titles_title":"","_seopress_titles_desc":"","_seopress_robots_index":"","footnotes":""},"class_list":["post-1025","page","type-page","status-publish","hentry"],"acf":[],"_links":{"self":[{"href":"https:\/\/contactoatlantico.com\/pt-pt\/wp-json\/wp\/v2\/pages\/1025","targetHints":{"allow":["GET"]}}],"collection":[{"href":"https:\/\/contactoatlantico.com\/pt-pt\/wp-json\/wp\/v2\/pages"}],"about":[{"href":"https:\/\/contactoatlantico.com\/pt-pt\/wp-json\/wp\/v2\/types\/page"}],"author":[{"embeddable":true,"href":"https:\/\/contactoatlantico.com\/pt-pt\/wp-json\/wp\/v2\/users\/1"}],"replies":[{"embeddable":true,"href":"https:\/\/contactoatlantico.com\/pt-pt\/wp-json\/wp\/v2\/comments?post=1025"}],"version-history":[{"count":7,"href":"https:\/\/contactoatlantico.com\/pt-pt\/wp-json\/wp\/v2\/pages\/1025\/revisions"}],"predecessor-version":[{"id":11437,"href":"https:\/\/contactoatlantico.com\/pt-pt\/wp-json\/wp\/v2\/pages\/1025\/revisions\/11437"}],"wp:attachment":[{"href":"https:\/\/contactoatlantico.com\/pt-pt\/wp-json\/wp\/v2\/media?parent=1025"}],"curies":[{"name":"wp","href":"https:\/\/api.w.org\/{rel}","templated":true}]}}