{"id":1040,"date":"2024-10-28T15:19:48","date_gmt":"2024-10-28T15:19:48","guid":{"rendered":"https:\/\/contactoatlantico.com\/servicos\/arquitetura\/"},"modified":"2025-02-21T18:02:39","modified_gmt":"2025-02-21T18:02:39","slug":"arquitetura","status":"publish","type":"page","link":"https:\/\/contactoatlantico.com\/pt-pt\/servicos\/arquitetura\/","title":{"rendered":"Arquitetura"},"content":{"rendered":"\n<p>A <strong>arquitetura da Contacto Atl\u00e2ntico<\/strong> \u00e9 marcada pelo uso de tecnologias de ponta, como o <strong>BIM<\/strong> (<strong>Building Information Modeling<\/strong>), que nos permite conceber edif\u00edcios com elevada <strong>precis\u00e3o<\/strong> e <strong>coordena\u00e7\u00e3o<\/strong>, garantindo projetos <strong>eficientes<\/strong> e de <strong>alta qualidade<\/strong>. Esta abordagem otimiza todo o processo de <strong>design<\/strong> e <strong>constru\u00e7\u00e3o<\/strong>, resultando em solu\u00e7\u00f5es arquitet\u00f3nicas inovadoras. <\/p>\n\n<p>A utiliza\u00e7\u00e3o de ferramentas de <strong>visualiza\u00e7\u00e3o 3D<\/strong> e realidade no desenvolvimento dos nossos projetos permite que os clientes <strong>experienciem os espa\u00e7os<\/strong> de forma imersiva antes da constru\u00e7\u00e3o. Essa tecnologia facilita a <strong>comunica\u00e7\u00e3o<\/strong> e a <strong>tomada de decis\u00f5es<\/strong>, assegurando que cada detalhe do projeto est\u00e1 alinhado com as expectativas. <\/p>\n\n<p>Al\u00e9m disso, o nosso compromisso com a <strong>sustentabilidade<\/strong> \u00e9 evidente na concep\u00e7\u00e3o de <strong>Net Zero Energy Buildings (NZEB)<\/strong>, que minimizam o <strong>consumo energ\u00e9tico<\/strong> e o <strong>impacto ambiental<\/strong>. Criamos edif\u00edcios que aliam <strong>est\u00e9tica<\/strong>, <strong>funcionalidade<\/strong> e <strong>responsabilidade ambiental<\/strong>, respondendo \u00e0s necessidades presentes e futuras. <\/p>\n\n<p><\/p>\n","protected":false},"excerpt":{"rendered":"<p>A arquitetura da Contacto Atl\u00e2ntico \u00e9 marcada pelo uso de tecnologias de ponta, como o BIM (Building Information Modeling), que nos permite conceber edif\u00edcios com elevada precis\u00e3o e coordena\u00e7\u00e3o, garantindo projetos eficientes e de alta qualidade. Esta abordagem otimiza todo o processo de design e constru\u00e7\u00e3o, resultando em solu\u00e7\u00f5es arquitet\u00f3nicas inovadoras. A utiliza\u00e7\u00e3o de ferramentas [&hellip;]<\/p>\n","protected":false},"author":1,"featured_media":0,"parent":1039,"menu_order":0,"comment_status":"closed","ping_status":"closed","template":"page-templates\/services-template.php","meta":{"_acf_changed":false,"_seopress_robots_primary_cat":"","_seopress_titles_title":"","_seopress_titles_desc":"","_seopress_robots_index":"","footnotes":""},"class_list":["post-1040","page","type-page","status-publish","hentry"],"acf":[],"_links":{"self":[{"href":"https:\/\/contactoatlantico.com\/pt-pt\/wp-json\/wp\/v2\/pages\/1040","targetHints":{"allow":["GET"]}}],"collection":[{"href":"https:\/\/contactoatlantico.com\/pt-pt\/wp-json\/wp\/v2\/pages"}],"about":[{"href":"https:\/\/contactoatlantico.com\/pt-pt\/wp-json\/wp\/v2\/types\/page"}],"author":[{"embeddable":true,"href":"https:\/\/contactoatlantico.com\/pt-pt\/wp-json\/wp\/v2\/users\/1"}],"replies":[{"embeddable":true,"href":"https:\/\/contactoatlantico.com\/pt-pt\/wp-json\/wp\/v2\/comments?post=1040"}],"version-history":[{"count":3,"href":"https:\/\/contactoatlantico.com\/pt-pt\/wp-json\/wp\/v2\/pages\/1040\/revisions"}],"predecessor-version":[{"id":8486,"href":"https:\/\/contactoatlantico.com\/pt-pt\/wp-json\/wp\/v2\/pages\/1040\/revisions\/8486"}],"up":[{"embeddable":true,"href":"https:\/\/contactoatlantico.com\/pt-pt\/wp-json\/wp\/v2\/pages\/1039"}],"wp:attachment":[{"href":"https:\/\/contactoatlantico.com\/pt-pt\/wp-json\/wp\/v2\/media?parent=1040"}],"curies":[{"name":"wp","href":"https:\/\/api.w.org\/{rel}","templated":true}]}}