{"id":1042,"date":"2024-10-28T15:25:05","date_gmt":"2024-10-28T15:25:05","guid":{"rendered":"https:\/\/contactoatlantico.com\/servicos\/engenharia\/"},"modified":"2024-11-18T10:51:44","modified_gmt":"2024-11-18T10:51:44","slug":"engenharia","status":"publish","type":"page","link":"https:\/\/contactoatlantico.com\/pt-pt\/servicos\/engenharia\/","title":{"rendered":"Engenharia"},"content":{"rendered":"\n<p>A <strong>Contacto Atl\u00e2ntico<\/strong> possui uma <strong>equipa especializada<\/strong> na <strong>concep\u00e7\u00e3o<\/strong> e desenvolvimento de <strong>projetos de Engenharia<\/strong>.<\/p>\n\n<p>Temos todas as \u00e1reas de engenharia, nomeadamente, <strong>\u00e1guas e esgotos<\/strong>, <strong>g\u00e1s<\/strong>, <strong>estrutura<\/strong>, <strong>eletricidade<\/strong>, <strong>telecomunica\u00e7\u00f5es<\/strong>, <strong>ac\u00fastica<\/strong>, <strong>mec\u00e2nica<\/strong>, <strong>certifica\u00e7\u00e3o energ\u00e9tica<\/strong>, <strong>gest\u00e3o t\u00e9cnica<\/strong> e <strong>ilumina\u00e7\u00e3o<\/strong>.<\/p>\n\n<p>A nossa engenharia tem como maior val\u00eancia uma instala\u00e7\u00e3o <strong>sustent\u00e1vel<\/strong> e <strong>amiga do ambiente<\/strong>, bem como solu\u00e7\u00f5es <strong>inovadoras<\/strong> e <strong>energeticamente eficientes<\/strong>.<\/p>\n","protected":false},"excerpt":{"rendered":"<p>A Contacto Atl\u00e2ntico possui uma equipa especializada na concep\u00e7\u00e3o e desenvolvimento de projetos de Engenharia. Temos todas as \u00e1reas de engenharia, nomeadamente, \u00e1guas e esgotos, g\u00e1s, estrutura, eletricidade, telecomunica\u00e7\u00f5es, ac\u00fastica, mec\u00e2nica, certifica\u00e7\u00e3o energ\u00e9tica, gest\u00e3o t\u00e9cnica e ilumina\u00e7\u00e3o. A nossa engenharia tem como maior val\u00eancia uma instala\u00e7\u00e3o sustent\u00e1vel e amiga do ambiente, bem como solu\u00e7\u00f5es inovadoras [&hellip;]<\/p>\n","protected":false},"author":1,"featured_media":0,"parent":1039,"menu_order":0,"comment_status":"closed","ping_status":"closed","template":"page-templates\/services-template.php","meta":{"_acf_changed":false,"_seopress_robots_primary_cat":"","_seopress_titles_title":"","_seopress_titles_desc":"","_seopress_robots_index":"","footnotes":""},"class_list":["post-1042","page","type-page","status-publish","hentry"],"acf":[],"_links":{"self":[{"href":"https:\/\/contactoatlantico.com\/pt-pt\/wp-json\/wp\/v2\/pages\/1042","targetHints":{"allow":["GET"]}}],"collection":[{"href":"https:\/\/contactoatlantico.com\/pt-pt\/wp-json\/wp\/v2\/pages"}],"about":[{"href":"https:\/\/contactoatlantico.com\/pt-pt\/wp-json\/wp\/v2\/types\/page"}],"author":[{"embeddable":true,"href":"https:\/\/contactoatlantico.com\/pt-pt\/wp-json\/wp\/v2\/users\/1"}],"replies":[{"embeddable":true,"href":"https:\/\/contactoatlantico.com\/pt-pt\/wp-json\/wp\/v2\/comments?post=1042"}],"version-history":[{"count":2,"href":"https:\/\/contactoatlantico.com\/pt-pt\/wp-json\/wp\/v2\/pages\/1042\/revisions"}],"predecessor-version":[{"id":1149,"href":"https:\/\/contactoatlantico.com\/pt-pt\/wp-json\/wp\/v2\/pages\/1042\/revisions\/1149"}],"up":[{"embeddable":true,"href":"https:\/\/contactoatlantico.com\/pt-pt\/wp-json\/wp\/v2\/pages\/1039"}],"wp:attachment":[{"href":"https:\/\/contactoatlantico.com\/pt-pt\/wp-json\/wp\/v2\/media?parent=1042"}],"curies":[{"name":"wp","href":"https:\/\/api.w.org\/{rel}","templated":true}]}}