{"id":1044,"date":"2024-10-28T15:25:45","date_gmt":"2024-10-28T15:25:45","guid":{"rendered":"https:\/\/contactoatlantico.com\/servicos\/design-de-interiores\/"},"modified":"2024-11-18T10:51:18","modified_gmt":"2024-11-18T10:51:18","slug":"design-de-interiores","status":"publish","type":"page","link":"https:\/\/contactoatlantico.com\/pt-pt\/servicos\/design-de-interiores\/","title":{"rendered":"Design de Interiores"},"content":{"rendered":"\n<p>Ao longo de mais de <strong>25 anos<\/strong>, a <strong>Contacto Atl\u00e2ntico Arquitetos<\/strong> tem consolidado um crescente portef\u00f3lio de projetos especializados sobre \u2013 e para \u2013 uma dimens\u00e3o espec\u00edfica, que tamb\u00e9m \u00e9 da <strong>Arquitetura<\/strong>: o <strong>Design de Interiores \/ Interior Design<\/strong>.<\/p>\n\n<p>Esta dimens\u00e3o \u00e9 a dos <strong>espa\u00e7os interiores<\/strong>, do seu <strong>desenho<\/strong>, da cria\u00e7\u00e3o de <strong>atmosferas<\/strong>, da sua <strong>concretiza\u00e7\u00e3o material<\/strong> e da defini\u00e7\u00e3o do <strong>detalhe<\/strong>, que os tornam, mais do que habit\u00e1veis, <strong>experi\u00eancias<\/strong> e <strong>mem\u00f3rias sensoriais<\/strong>, <strong>individuais<\/strong> e <strong>coletivas<\/strong>.<\/p>\n\n<p><\/p>\n","protected":false},"excerpt":{"rendered":"<p>Ao longo de mais de 25 anos, a Contacto Atl\u00e2ntico Arquitetos tem consolidado um crescente portef\u00f3lio de projetos especializados sobre \u2013 e para \u2013 uma dimens\u00e3o espec\u00edfica, que tamb\u00e9m \u00e9 da Arquitetura: o Design de Interiores \/ Interior Design. Esta dimens\u00e3o \u00e9 a dos espa\u00e7os interiores, do seu desenho, da cria\u00e7\u00e3o de atmosferas, da sua [&hellip;]<\/p>\n","protected":false},"author":1,"featured_media":740,"parent":1039,"menu_order":0,"comment_status":"closed","ping_status":"closed","template":"page-templates\/services-template.php","meta":{"_acf_changed":false,"_seopress_robots_primary_cat":"","_seopress_titles_title":"","_seopress_titles_desc":"","_seopress_robots_index":"","footnotes":""},"class_list":["post-1044","page","type-page","status-publish","has-post-thumbnail","hentry"],"acf":[],"_links":{"self":[{"href":"https:\/\/contactoatlantico.com\/pt-pt\/wp-json\/wp\/v2\/pages\/1044","targetHints":{"allow":["GET"]}}],"collection":[{"href":"https:\/\/contactoatlantico.com\/pt-pt\/wp-json\/wp\/v2\/pages"}],"about":[{"href":"https:\/\/contactoatlantico.com\/pt-pt\/wp-json\/wp\/v2\/types\/page"}],"author":[{"embeddable":true,"href":"https:\/\/contactoatlantico.com\/pt-pt\/wp-json\/wp\/v2\/users\/1"}],"replies":[{"embeddable":true,"href":"https:\/\/contactoatlantico.com\/pt-pt\/wp-json\/wp\/v2\/comments?post=1044"}],"version-history":[{"count":2,"href":"https:\/\/contactoatlantico.com\/pt-pt\/wp-json\/wp\/v2\/pages\/1044\/revisions"}],"predecessor-version":[{"id":1148,"href":"https:\/\/contactoatlantico.com\/pt-pt\/wp-json\/wp\/v2\/pages\/1044\/revisions\/1148"}],"up":[{"embeddable":true,"href":"https:\/\/contactoatlantico.com\/pt-pt\/wp-json\/wp\/v2\/pages\/1039"}],"wp:featuredmedia":[{"embeddable":true,"href":"https:\/\/contactoatlantico.com\/pt-pt\/wp-json\/wp\/v2\/media\/740"}],"wp:attachment":[{"href":"https:\/\/contactoatlantico.com\/pt-pt\/wp-json\/wp\/v2\/media?parent=1044"}],"curies":[{"name":"wp","href":"https:\/\/api.w.org\/{rel}","templated":true}]}}