{"id":1046,"date":"2024-10-28T15:26:18","date_gmt":"2024-10-28T15:26:18","guid":{"rendered":"https:\/\/contactoatlantico.com\/servicos\/paisagismo\/"},"modified":"2024-11-18T10:48:49","modified_gmt":"2024-11-18T10:48:49","slug":"paisagismo","status":"publish","type":"page","link":"https:\/\/contactoatlantico.com\/pt-pt\/servicos\/paisagismo\/","title":{"rendered":"Paisagismo"},"content":{"rendered":"\n<p>O <strong>departamento de paisagismo<\/strong> da Contacto Atl\u00e2ntico \u00e9 uma componente vital do nosso processo de concep\u00e7\u00e3o.<\/p>\n\n<p>A nossa equipa de <strong>arquitectos paisagistas<\/strong> experientes trabalha em estreita colabora\u00e7\u00e3o com os nossos arquitectos e engenheiros para criar <strong>espa\u00e7os exteriores<\/strong> <strong>coesivos<\/strong> e <strong>sustent\u00e1veis<\/strong> que complementam e melhoram os edif\u00edcios e estruturas que projectamos.<\/p>\n\n<p>Estamos tamb\u00e9m empenhados em criar <strong>espa\u00e7os exteriores est\u00e9ticos<\/strong> e <strong>sustent\u00e1veis<\/strong> que melhoram a qualidade de vida dos nossos clientes.<\/p>\n\n<p><\/p>\n","protected":false},"excerpt":{"rendered":"<p>O departamento de paisagismo da Contacto Atl\u00e2ntico \u00e9 uma componente vital do nosso processo de concep\u00e7\u00e3o. A nossa equipa de arquitectos paisagistas experientes trabalha em estreita colabora\u00e7\u00e3o com os nossos arquitectos e engenheiros para criar espa\u00e7os exteriores coesivos e sustent\u00e1veis que complementam e melhoram os edif\u00edcios e estruturas que projectamos. Estamos tamb\u00e9m empenhados em criar [&hellip;]<\/p>\n","protected":false},"author":1,"featured_media":0,"parent":1039,"menu_order":0,"comment_status":"closed","ping_status":"closed","template":"page-templates\/services-template.php","meta":{"_acf_changed":false,"_seopress_robots_primary_cat":"","_seopress_titles_title":"","_seopress_titles_desc":"","_seopress_robots_index":"","footnotes":""},"class_list":["post-1046","page","type-page","status-publish","hentry"],"acf":[],"_links":{"self":[{"href":"https:\/\/contactoatlantico.com\/pt-pt\/wp-json\/wp\/v2\/pages\/1046","targetHints":{"allow":["GET"]}}],"collection":[{"href":"https:\/\/contactoatlantico.com\/pt-pt\/wp-json\/wp\/v2\/pages"}],"about":[{"href":"https:\/\/contactoatlantico.com\/pt-pt\/wp-json\/wp\/v2\/types\/page"}],"author":[{"embeddable":true,"href":"https:\/\/contactoatlantico.com\/pt-pt\/wp-json\/wp\/v2\/users\/1"}],"replies":[{"embeddable":true,"href":"https:\/\/contactoatlantico.com\/pt-pt\/wp-json\/wp\/v2\/comments?post=1046"}],"version-history":[{"count":3,"href":"https:\/\/contactoatlantico.com\/pt-pt\/wp-json\/wp\/v2\/pages\/1046\/revisions"}],"predecessor-version":[{"id":1144,"href":"https:\/\/contactoatlantico.com\/pt-pt\/wp-json\/wp\/v2\/pages\/1046\/revisions\/1144"}],"up":[{"embeddable":true,"href":"https:\/\/contactoatlantico.com\/pt-pt\/wp-json\/wp\/v2\/pages\/1039"}],"wp:attachment":[{"href":"https:\/\/contactoatlantico.com\/pt-pt\/wp-json\/wp\/v2\/media?parent=1046"}],"curies":[{"name":"wp","href":"https:\/\/api.w.org\/{rel}","templated":true}]}}