{"id":1048,"date":"2024-10-17T11:44:49","date_gmt":"2024-10-17T10:44:49","guid":{"rendered":"https:\/\/contactoatlantico.com\/equipa\/"},"modified":"2025-02-17T16:00:34","modified_gmt":"2025-02-17T16:00:34","slug":"equipa","status":"publish","type":"page","link":"https:\/\/contactoatlantico.com\/pt-pt\/equipa\/","title":{"rendered":"Equipa"},"content":{"rendered":"\n<div class=\"wp-block-columns is-layout-flex wp-container-core-columns-is-layout-9d6595d7 wp-block-columns-is-layout-flex\">\n<div class=\"wp-block-column is-layout-flow wp-block-column-is-layout-flow\">\n<figure class=\"wp-block-image size-large\"><img alt=\"\" decoding=\"async\" width=\"1024\" height=\"683\" data-src=\"https:\/\/contactoatlantico.com\/wp-content\/uploads\/2024\/10\/Andre-Caiado-1-1024x683.jpg\" alt=\"\" class=\"wp-image-891 lazyload\" data-srcset=\"https:\/\/contactoatlantico.com\/wp-content\/uploads\/2024\/10\/Andre-Caiado-1-1024x683.jpg 1024w, https:\/\/contactoatlantico.com\/wp-content\/uploads\/2024\/10\/Andre-Caiado-1-300x200.jpg 300w, https:\/\/contactoatlantico.com\/wp-content\/uploads\/2024\/10\/Andre-Caiado-1-768x512.jpg 768w, https:\/\/contactoatlantico.com\/wp-content\/uploads\/2024\/10\/Andre-Caiado-1-1536x1024.jpg 1536w, https:\/\/contactoatlantico.com\/wp-content\/uploads\/2024\/10\/Andre-Caiado-1.jpg 1600w\" data-sizes=\"(max-width: 1024px) 100vw, 1024px\" src=\"data:image\/svg+xml;base64,PHN2ZyB3aWR0aD0iMSIgaGVpZ2h0PSIxIiB4bWxucz0iaHR0cDovL3d3dy53My5vcmcvMjAwMC9zdmciPjwvc3ZnPg==\" style=\"--smush-placeholder-width: 1024px; --smush-placeholder-aspect-ratio: 1024\/683;\" \/><\/figure>\n<\/div>\n\n\n\n<div class=\"wp-block-column is-layout-flow wp-block-column-is-layout-flow\">\n<h2 class=\"wp-block-heading\" style=\"letter-spacing:2px\"><strong>ANDR\u00c9 CAIADO<\/strong><\/h2>\n\n\n\n<p class=\"has-small-font-size\">Arquiteto &#8211; Fundador<\/p>\n\n\n\n<div style=\"height:30px\" aria-hidden=\"true\" class=\"wp-block-spacer\"><\/div>\n\n\n\n<p>A hist\u00f3ria da Contacto Atl\u00e2ntico funde-se com a hist\u00f3ria do seu fundador e CEO, o Arquitecto Andr\u00e9 Caiado, nascido em Lisboa em 1967.<br>Arq. Andr\u00e9 Caiado formou-se pela primeira vez na arte e ci\u00eancia do desenho de edif\u00edcios na Universidade T\u00e9cnica de Lisboa, onde se licenciou como Arquiteto, em 1990.<\/p>\n\n\n\n<p>Arq. Andr\u00e9 Caiado mudou-se ent\u00e3o para Madrid, onde obteve o Mestrado em Inform\u00e1tica para Arquitectura, Urbanismo e Gest\u00e3o Imobili\u00e1ria. Ainda na ETSAM, tornou-se Doutor Cum Laude em Tecnologias de Edif\u00edcios Inteligentes, em 1995, trabalhando simultaneamente como arquitecto na IBM e depois na Telef\u00f3nica.<\/p>\n\n\n\n<p>De regresso a Lisboa, Arq. Andr\u00e9 Caiado gerenciou os Departamentos de Ambiente e Arquitetura da Novodesign, enquanto lecionava como professor catedr\u00e1tico em diferentes universidades, at\u00e9 2017.<br>Em 1996, Arq. Andr\u00e9 Caiado fundou a Contacto Atl\u00e2ntico, no Estoril. Hoje, a Contacto Atl\u00e2ntico conta com mais de 25 anos de experi\u00eancia.<\/p>\n\n\n\n<p>O que come\u00e7ou por ser um atelier de arquitetura \u00e9 hoje um reconhecido atelier polivalente, com dezenas de colaboradores de todas as \u00e1reas de especializa\u00e7\u00e3o relacionadas com a conce\u00e7\u00e3o de edif\u00edcios. <\/p>\n<\/div>\n<\/div>\n\n\n\n<aside>\n\n        \n            <div class=\"grid grid-cols-1 gap-8 sm:grid-cols-4 sm:gap-10\">\n                        <div>\n                    <img decoding=\"async\" data-src=\"https:\/\/contactoatlantico.com\/wp-content\/uploads\/2024\/10\/Susana-Gomes-1.jpg\" alt=\"Susana Gomes\" src=\"data:image\/svg+xml;base64,PHN2ZyB3aWR0aD0iMSIgaGVpZ2h0PSIxIiB4bWxucz0iaHR0cDovL3d3dy53My5vcmcvMjAwMC9zdmciPjwvc3ZnPg==\" class=\"lazyload\" style=\"--smush-placeholder-width: 1280px; --smush-placeholder-aspect-ratio: 1280\/1600;\">\n                    <h4 class=\"mt-3 font-bold tracking-[2px] uppercase\">Susana Gomes<\/h4>\n                    <div class=\"text-sm font-light\">\n                        Architect \/ COO                    <\/div>\n                <\/div>\n                                <div>\n                    <img decoding=\"async\" data-src=\"https:\/\/contactoatlantico.com\/wp-content\/uploads\/2024\/10\/Joao-Caiado-1.jpg\" alt=\"Jo\u00e3o Caiado\" src=\"data:image\/svg+xml;base64,PHN2ZyB3aWR0aD0iMSIgaGVpZ2h0PSIxIiB4bWxucz0iaHR0cDovL3d3dy53My5vcmcvMjAwMC9zdmciPjwvc3ZnPg==\" class=\"lazyload\" style=\"--smush-placeholder-width: 1280px; --smush-placeholder-aspect-ratio: 1280\/1600;\">\n                    <h4 class=\"mt-3 font-bold tracking-[2px] uppercase\">Jo\u00e3o Caiado<\/h4>\n                    <div class=\"text-sm font-light\">\n                        Board Member                    <\/div>\n                <\/div>\n                                <div>\n                    <img decoding=\"async\" data-src=\"https:\/\/contactoatlantico.com\/wp-content\/uploads\/2024\/10\/Jose-Coelho-1.jpg\" alt=\"Jos\u00e9 Coelho\" src=\"data:image\/svg+xml;base64,PHN2ZyB3aWR0aD0iMSIgaGVpZ2h0PSIxIiB4bWxucz0iaHR0cDovL3d3dy53My5vcmcvMjAwMC9zdmciPjwvc3ZnPg==\" class=\"lazyload\" style=\"--smush-placeholder-width: 1280px; --smush-placeholder-aspect-ratio: 1280\/1600;\">\n                    <h4 class=\"mt-3 font-bold tracking-[2px] uppercase\">Jos\u00e9 Coelho<\/h4>\n                    <div class=\"text-sm font-light\">\n                        Chief Engineer                    <\/div>\n                <\/div>\n                                <div>\n                    <img decoding=\"async\" data-src=\"https:\/\/contactoatlantico.com\/wp-content\/uploads\/2024\/10\/Catarina-Silva-1.jpg\" alt=\"Catarina Sequeira Silva\" src=\"data:image\/svg+xml;base64,PHN2ZyB3aWR0aD0iMSIgaGVpZ2h0PSIxIiB4bWxucz0iaHR0cDovL3d3dy53My5vcmcvMjAwMC9zdmciPjwvc3ZnPg==\" class=\"lazyload\" style=\"--smush-placeholder-width: 1280px; --smush-placeholder-aspect-ratio: 1280\/1600;\">\n                    <h4 class=\"mt-3 font-bold tracking-[2px] uppercase\">Catarina Sequeira Silva<\/h4>\n                    <div class=\"text-sm font-light\">\n                        Chefe de Design                    <\/div>\n                <\/div>\n                                <div>\n                    <img decoding=\"async\" data-src=\"https:\/\/contactoatlantico.com\/wp-content\/uploads\/2025\/10\/carla-silva-1.jpg\" alt=\"Carla Silva\" src=\"data:image\/svg+xml;base64,PHN2ZyB3aWR0aD0iMSIgaGVpZ2h0PSIxIiB4bWxucz0iaHR0cDovL3d3dy53My5vcmcvMjAwMC9zdmciPjwvc3ZnPg==\" class=\"lazyload\" style=\"--smush-placeholder-width: 1280px; --smush-placeholder-aspect-ratio: 1280\/1600;\">\n                    <h4 class=\"mt-3 font-bold tracking-[2px] uppercase\">Carla Silva<\/h4>\n                    <div class=\"text-sm font-light\">\n                        Head of Landscape Architecture                    <\/div>\n                <\/div>\n                                <div>\n                    <img decoding=\"async\" data-src=\"https:\/\/contactoatlantico.com\/wp-content\/uploads\/2024\/10\/Ana-Magalhaes-1.jpg\" alt=\"Ana Magalh\u00e3es\" src=\"data:image\/svg+xml;base64,PHN2ZyB3aWR0aD0iMSIgaGVpZ2h0PSIxIiB4bWxucz0iaHR0cDovL3d3dy53My5vcmcvMjAwMC9zdmciPjwvc3ZnPg==\" class=\"lazyload\" style=\"--smush-placeholder-width: 1280px; --smush-placeholder-aspect-ratio: 1280\/1600;\">\n                    <h4 class=\"mt-3 font-bold tracking-[2px] uppercase\">Ana Magalh\u00e3es<\/h4>\n                    <div class=\"text-sm font-light\">\n                        Head of Interior Design                    <\/div>\n                <\/div>\n                                <div>\n                    <img decoding=\"async\" data-src=\"https:\/\/contactoatlantico.com\/wp-content\/uploads\/2024\/10\/Tania-Palma-1.jpg\" alt=\"T\u00e2nia Palma\" src=\"data:image\/svg+xml;base64,PHN2ZyB3aWR0aD0iMSIgaGVpZ2h0PSIxIiB4bWxucz0iaHR0cDovL3d3dy53My5vcmcvMjAwMC9zdmciPjwvc3ZnPg==\" class=\"lazyload\" style=\"--smush-placeholder-width: 1280px; --smush-placeholder-aspect-ratio: 1280\/1600;\">\n                    <h4 class=\"mt-3 font-bold tracking-[2px] uppercase\">T\u00e2nia Palma<\/h4>\n                    <div class=\"text-sm font-light\">\n                        Head of Business Development                    <\/div>\n                <\/div>\n                                <div>\n                    <img decoding=\"async\" data-src=\"https:\/\/contactoatlantico.com\/wp-content\/uploads\/2024\/10\/Madalena-S.-Botte-1.jpg\" alt=\"Madalena S. Botte\" src=\"data:image\/svg+xml;base64,PHN2ZyB3aWR0aD0iMSIgaGVpZ2h0PSIxIiB4bWxucz0iaHR0cDovL3d3dy53My5vcmcvMjAwMC9zdmciPjwvc3ZnPg==\" class=\"lazyload\" style=\"--smush-placeholder-width: 1280px; --smush-placeholder-aspect-ratio: 1280\/1600;\">\n                    <h4 class=\"mt-3 font-bold tracking-[2px] uppercase\">Madalena S. Botte<\/h4>\n                    <div class=\"text-sm font-light\">\n                        Assistant                    <\/div>\n                <\/div>\n                                <div>\n                    <img decoding=\"async\" data-src=\"https:\/\/contactoatlantico.com\/wp-content\/uploads\/2024\/10\/Matias-Gomes-1.jpg\" alt=\"Matias Gomes\" src=\"data:image\/svg+xml;base64,PHN2ZyB3aWR0aD0iMSIgaGVpZ2h0PSIxIiB4bWxucz0iaHR0cDovL3d3dy53My5vcmcvMjAwMC9zdmciPjwvc3ZnPg==\" class=\"lazyload\" style=\"--smush-placeholder-width: 1280px; --smush-placeholder-aspect-ratio: 1280\/1600;\">\n                    <h4 class=\"mt-3 font-bold tracking-[2px] uppercase\">Matias Gomes<\/h4>\n                    <div class=\"text-sm font-light\">\n                        Architect \u2013 BIM Manager                    <\/div>\n                <\/div>\n                                <div>\n                    <img decoding=\"async\" data-src=\"https:\/\/contactoatlantico.com\/wp-content\/uploads\/2024\/10\/Goncalo-Henriques-1.jpg\" alt=\"Gon\u00e7alo Henriques\" src=\"data:image\/svg+xml;base64,PHN2ZyB3aWR0aD0iMSIgaGVpZ2h0PSIxIiB4bWxucz0iaHR0cDovL3d3dy53My5vcmcvMjAwMC9zdmciPjwvc3ZnPg==\" class=\"lazyload\" style=\"--smush-placeholder-width: 1280px; --smush-placeholder-aspect-ratio: 1280\/1600;\">\n                    <h4 class=\"mt-3 font-bold tracking-[2px] uppercase\">Gon\u00e7alo Henriques<\/h4>\n                    <div class=\"text-sm font-light\">\n                        Architect \/ Photographer                    <\/div>\n                <\/div>\n                                <div>\n                    <img decoding=\"async\" data-src=\"https:\/\/contactoatlantico.com\/wp-content\/uploads\/2024\/10\/dinis-rodrigues-2.jpg\" alt=\"Dinis Rodrigues\" src=\"data:image\/svg+xml;base64,PHN2ZyB3aWR0aD0iMSIgaGVpZ2h0PSIxIiB4bWxucz0iaHR0cDovL3d3dy53My5vcmcvMjAwMC9zdmciPjwvc3ZnPg==\" class=\"lazyload\" style=\"--smush-placeholder-width: 1280px; --smush-placeholder-aspect-ratio: 1280\/1600;\">\n                    <h4 class=\"mt-3 font-bold tracking-[2px] uppercase\">Dinis Rodrigues<\/h4>\n                    <div class=\"text-sm font-light\">\n                        Arquiteto Paisagista                    <\/div>\n                <\/div>\n                                <div>\n                    <img decoding=\"async\" data-src=\"https:\/\/contactoatlantico.com\/wp-content\/uploads\/2024\/10\/Ricardo-Serpa-1.jpg\" alt=\"Ricardo Serpa\" src=\"data:image\/svg+xml;base64,PHN2ZyB3aWR0aD0iMSIgaGVpZ2h0PSIxIiB4bWxucz0iaHR0cDovL3d3dy53My5vcmcvMjAwMC9zdmciPjwvc3ZnPg==\" class=\"lazyload\" style=\"--smush-placeholder-width: 1280px; --smush-placeholder-aspect-ratio: 1280\/1600;\">\n                    <h4 class=\"mt-3 font-bold tracking-[2px] uppercase\">Ricardo Serpa<\/h4>\n                    <div class=\"text-sm font-light\">\n                        Architect                    <\/div>\n                <\/div>\n                                <div>\n                    <img decoding=\"async\" data-src=\"https:\/\/contactoatlantico.com\/wp-content\/uploads\/2024\/10\/Mariana-Basto-1.jpg\" alt=\"Mariana Basto\" src=\"data:image\/svg+xml;base64,PHN2ZyB3aWR0aD0iMSIgaGVpZ2h0PSIxIiB4bWxucz0iaHR0cDovL3d3dy53My5vcmcvMjAwMC9zdmciPjwvc3ZnPg==\" class=\"lazyload\" style=\"--smush-placeholder-width: 1280px; --smush-placeholder-aspect-ratio: 1280\/1600;\">\n                    <h4 class=\"mt-3 font-bold tracking-[2px] uppercase\">Mariana Basto<\/h4>\n                    <div class=\"text-sm font-light\">\n                        Architect                    <\/div>\n                <\/div>\n                                <div>\n                    <img decoding=\"async\" data-src=\"https:\/\/contactoatlantico.com\/wp-content\/uploads\/2024\/10\/camila-zolin-1.jpg\" alt=\"Camila Zolin\" src=\"data:image\/svg+xml;base64,PHN2ZyB3aWR0aD0iMSIgaGVpZ2h0PSIxIiB4bWxucz0iaHR0cDovL3d3dy53My5vcmcvMjAwMC9zdmciPjwvc3ZnPg==\" class=\"lazyload\" style=\"--smush-placeholder-width: 1280px; --smush-placeholder-aspect-ratio: 1280\/1600;\">\n                    <h4 class=\"mt-3 font-bold tracking-[2px] uppercase\">Camila Zolin<\/h4>\n                    <div class=\"text-sm font-light\">\n                        Arquiteta                    <\/div>\n                <\/div>\n                                <div>\n                    <img decoding=\"async\" data-src=\"https:\/\/contactoatlantico.com\/wp-content\/uploads\/2024\/10\/Oleksandra-Vitynska-1.jpg\" alt=\"Oleksandra Vitynska\" src=\"data:image\/svg+xml;base64,PHN2ZyB3aWR0aD0iMSIgaGVpZ2h0PSIxIiB4bWxucz0iaHR0cDovL3d3dy53My5vcmcvMjAwMC9zdmciPjwvc3ZnPg==\" class=\"lazyload\" style=\"--smush-placeholder-width: 1280px; --smush-placeholder-aspect-ratio: 1280\/1600;\">\n                    <h4 class=\"mt-3 font-bold tracking-[2px] uppercase\">Oleksandra Vitynska<\/h4>\n                    <div class=\"text-sm font-light\">\n                        Arquiteta                    <\/div>\n                <\/div>\n                                <div>\n                    <img decoding=\"async\" data-src=\"https:\/\/contactoatlantico.com\/wp-content\/uploads\/2024\/10\/Carolina-Arala-1.jpg\" alt=\"Carolina Arala\" src=\"data:image\/svg+xml;base64,PHN2ZyB3aWR0aD0iMSIgaGVpZ2h0PSIxIiB4bWxucz0iaHR0cDovL3d3dy53My5vcmcvMjAwMC9zdmciPjwvc3ZnPg==\" class=\"lazyload\" style=\"--smush-placeholder-width: 1280px; --smush-placeholder-aspect-ratio: 1280\/1600;\">\n                    <h4 class=\"mt-3 font-bold tracking-[2px] uppercase\">Carolina Arala<\/h4>\n                    <div class=\"text-sm font-light\">\n                        Arquiteta                    <\/div>\n                <\/div>\n                                <div>\n                    <img decoding=\"async\" data-src=\"https:\/\/contactoatlantico.com\/wp-content\/uploads\/2024\/10\/Simona-Manolache-1.jpg\" alt=\"Simona Manolache\" src=\"data:image\/svg+xml;base64,PHN2ZyB3aWR0aD0iMSIgaGVpZ2h0PSIxIiB4bWxucz0iaHR0cDovL3d3dy53My5vcmcvMjAwMC9zdmciPjwvc3ZnPg==\" class=\"lazyload\" style=\"--smush-placeholder-width: 1280px; --smush-placeholder-aspect-ratio: 1280\/1600;\">\n                    <h4 class=\"mt-3 font-bold tracking-[2px] uppercase\">Simona Manolache<\/h4>\n                    <div class=\"text-sm font-light\">\n                        Arquiteta                    <\/div>\n                <\/div>\n                                <div>\n                    <img decoding=\"async\" data-src=\"https:\/\/contactoatlantico.com\/wp-content\/uploads\/2024\/10\/Ines-Alegria-1.jpg\" alt=\"In\u00eas Alegria\" src=\"data:image\/svg+xml;base64,PHN2ZyB3aWR0aD0iMSIgaGVpZ2h0PSIxIiB4bWxucz0iaHR0cDovL3d3dy53My5vcmcvMjAwMC9zdmciPjwvc3ZnPg==\" class=\"lazyload\" style=\"--smush-placeholder-width: 1280px; --smush-placeholder-aspect-ratio: 1280\/1600;\">\n                    <h4 class=\"mt-3 font-bold tracking-[2px] uppercase\">In\u00eas Alegria<\/h4>\n                    <div class=\"text-sm font-light\">\n                        Arquiteta                    <\/div>\n                <\/div>\n                                <div>\n                    <img decoding=\"async\" data-src=\"https:\/\/contactoatlantico.com\/wp-content\/uploads\/2024\/10\/ines-anselmo.jpg\" alt=\"In\u00eas Anselmo\" src=\"data:image\/svg+xml;base64,PHN2ZyB3aWR0aD0iMSIgaGVpZ2h0PSIxIiB4bWxucz0iaHR0cDovL3d3dy53My5vcmcvMjAwMC9zdmciPjwvc3ZnPg==\" class=\"lazyload\" style=\"--smush-placeholder-width: 1280px; --smush-placeholder-aspect-ratio: 1280\/1600;\">\n                    <h4 class=\"mt-3 font-bold tracking-[2px] uppercase\">In\u00eas Anselmo<\/h4>\n                    <div class=\"text-sm font-light\">\n                        Arquiteta                    <\/div>\n                <\/div>\n                                <div>\n                    <img decoding=\"async\" data-src=\"https:\/\/contactoatlantico.com\/wp-content\/uploads\/2024\/10\/Leonor-Coutinho-1.jpg\" alt=\"Leonor Coutinho\" src=\"data:image\/svg+xml;base64,PHN2ZyB3aWR0aD0iMSIgaGVpZ2h0PSIxIiB4bWxucz0iaHR0cDovL3d3dy53My5vcmcvMjAwMC9zdmciPjwvc3ZnPg==\" class=\"lazyload\" style=\"--smush-placeholder-width: 1280px; --smush-placeholder-aspect-ratio: 1280\/1600;\">\n                    <h4 class=\"mt-3 font-bold tracking-[2px] uppercase\">Leonor Coutinho<\/h4>\n                    <div class=\"text-sm font-light\">\n                        Arquiteta                    <\/div>\n                <\/div>\n                                <div>\n                    <img decoding=\"async\" data-src=\"https:\/\/contactoatlantico.com\/wp-content\/uploads\/2024\/10\/Joao-Castro-1.jpg\" alt=\"Jo\u00e3o Castro\" src=\"data:image\/svg+xml;base64,PHN2ZyB3aWR0aD0iMSIgaGVpZ2h0PSIxIiB4bWxucz0iaHR0cDovL3d3dy53My5vcmcvMjAwMC9zdmciPjwvc3ZnPg==\" class=\"lazyload\" style=\"--smush-placeholder-width: 1280px; --smush-placeholder-aspect-ratio: 1280\/1600;\">\n                    <h4 class=\"mt-3 font-bold tracking-[2px] uppercase\">Jo\u00e3o Castro<\/h4>\n                    <div class=\"text-sm font-light\">\n                        Architect                    <\/div>\n                <\/div>\n                                <div>\n                    <img decoding=\"async\" data-src=\"https:\/\/contactoatlantico.com\/wp-content\/uploads\/2024\/10\/Igor-Mogne-1.jpg\" alt=\"Igor Mogne\" src=\"data:image\/svg+xml;base64,PHN2ZyB3aWR0aD0iMSIgaGVpZ2h0PSIxIiB4bWxucz0iaHR0cDovL3d3dy53My5vcmcvMjAwMC9zdmciPjwvc3ZnPg==\" class=\"lazyload\" style=\"--smush-placeholder-width: 1280px; --smush-placeholder-aspect-ratio: 1280\/1600;\">\n                    <h4 class=\"mt-3 font-bold tracking-[2px] uppercase\">Igor Mogne<\/h4>\n                    <div class=\"text-sm font-light\">\n                        Architect                    <\/div>\n                <\/div>\n                                <div>\n                    <img decoding=\"async\" data-src=\"https:\/\/contactoatlantico.com\/wp-content\/uploads\/2024\/10\/Igor-Tsopanoglou-1.jpg\" alt=\"Igor Tsopanoglou\" src=\"data:image\/svg+xml;base64,PHN2ZyB3aWR0aD0iMSIgaGVpZ2h0PSIxIiB4bWxucz0iaHR0cDovL3d3dy53My5vcmcvMjAwMC9zdmciPjwvc3ZnPg==\" class=\"lazyload\" style=\"--smush-placeholder-width: 1280px; --smush-placeholder-aspect-ratio: 1280\/1600;\">\n                    <h4 class=\"mt-3 font-bold tracking-[2px] uppercase\">Igor Tsopanoglou<\/h4>\n                    <div class=\"text-sm font-light\">\n                        Architect                    <\/div>\n                <\/div>\n                                <div>\n                    <img decoding=\"async\" data-src=\"https:\/\/contactoatlantico.com\/wp-content\/uploads\/2025\/10\/leticia-lourenco-1.jpg\" alt=\"Let\u00edcia Louren\u00e7o\" src=\"data:image\/svg+xml;base64,PHN2ZyB3aWR0aD0iMSIgaGVpZ2h0PSIxIiB4bWxucz0iaHR0cDovL3d3dy53My5vcmcvMjAwMC9zdmciPjwvc3ZnPg==\" class=\"lazyload\" style=\"--smush-placeholder-width: 1280px; --smush-placeholder-aspect-ratio: 1280\/1600;\">\n                    <h4 class=\"mt-3 font-bold tracking-[2px] uppercase\">Let\u00edcia Louren\u00e7o<\/h4>\n                    <div class=\"text-sm font-light\">\n                        Designer de Interiores                    <\/div>\n                <\/div>\n                                <div>\n                    <img decoding=\"async\" data-src=\"https:\/\/contactoatlantico.com\/wp-content\/uploads\/2025\/10\/catarina-paulo-1.jpg\" alt=\"Catarina Paulo\" src=\"data:image\/svg+xml;base64,PHN2ZyB3aWR0aD0iMSIgaGVpZ2h0PSIxIiB4bWxucz0iaHR0cDovL3d3dy53My5vcmcvMjAwMC9zdmciPjwvc3ZnPg==\" class=\"lazyload\" style=\"--smush-placeholder-width: 1280px; --smush-placeholder-aspect-ratio: 1280\/1600;\">\n                    <h4 class=\"mt-3 font-bold tracking-[2px] uppercase\">Catarina Paulo<\/h4>\n                    <div class=\"text-sm font-light\">\n                        Arquiteta                    <\/div>\n                <\/div>\n                                <div>\n                    <img decoding=\"async\" data-src=\"https:\/\/contactoatlantico.com\/wp-content\/uploads\/2025\/10\/camila-drovetta-1.jpg\" alt=\"Camila Drovetta\" src=\"data:image\/svg+xml;base64,PHN2ZyB3aWR0aD0iMSIgaGVpZ2h0PSIxIiB4bWxucz0iaHR0cDovL3d3dy53My5vcmcvMjAwMC9zdmciPjwvc3ZnPg==\" class=\"lazyload\" style=\"--smush-placeholder-width: 1280px; --smush-placeholder-aspect-ratio: 1280\/1600;\">\n                    <h4 class=\"mt-3 font-bold tracking-[2px] uppercase\">Camila Drovetta<\/h4>\n                    <div class=\"text-sm font-light\">\n                        Arquiteta                    <\/div>\n                <\/div>\n                                <div>\n                    <img decoding=\"async\" data-src=\"https:\/\/contactoatlantico.com\/wp-content\/uploads\/2025\/10\/diana-ferreira-1.jpg\" alt=\"Diana Ferreira\" src=\"data:image\/svg+xml;base64,PHN2ZyB3aWR0aD0iMSIgaGVpZ2h0PSIxIiB4bWxucz0iaHR0cDovL3d3dy53My5vcmcvMjAwMC9zdmciPjwvc3ZnPg==\" class=\"lazyload\" style=\"--smush-placeholder-width: 1280px; --smush-placeholder-aspect-ratio: 1280\/1600;\">\n                    <h4 class=\"mt-3 font-bold tracking-[2px] uppercase\">Diana Ferreira<\/h4>\n                    <div class=\"text-sm font-light\">\n                        Arquiteta                    <\/div>\n                <\/div>\n                                <div>\n                    <img decoding=\"async\" data-src=\"https:\/\/contactoatlantico.com\/wp-content\/uploads\/2025\/10\/carlota-garcez-1.jpg\" alt=\"Carlota Garcez\" src=\"data:image\/svg+xml;base64,PHN2ZyB3aWR0aD0iMSIgaGVpZ2h0PSIxIiB4bWxucz0iaHR0cDovL3d3dy53My5vcmcvMjAwMC9zdmciPjwvc3ZnPg==\" class=\"lazyload\" style=\"--smush-placeholder-width: 1280px; --smush-placeholder-aspect-ratio: 1280\/1600;\">\n                    <h4 class=\"mt-3 font-bold tracking-[2px] uppercase\">Carlota Garcez<\/h4>\n                    <div class=\"text-sm font-light\">\n                        Arquiteta                    <\/div>\n                <\/div>\n                                <div>\n                    <img decoding=\"async\" data-src=\"https:\/\/contactoatlantico.com\/wp-content\/uploads\/2025\/10\/joana-branco-1.jpg\" alt=\"Joana Branco\" src=\"data:image\/svg+xml;base64,PHN2ZyB3aWR0aD0iMSIgaGVpZ2h0PSIxIiB4bWxucz0iaHR0cDovL3d3dy53My5vcmcvMjAwMC9zdmciPjwvc3ZnPg==\" class=\"lazyload\" style=\"--smush-placeholder-width: 1280px; --smush-placeholder-aspect-ratio: 1280\/1600;\">\n                    <h4 class=\"mt-3 font-bold tracking-[2px] uppercase\">Joana Branco<\/h4>\n                    <div class=\"text-sm font-light\">\n                        Designer de Interiores                    <\/div>\n                <\/div>\n                                <div>\n                    <img decoding=\"async\" data-src=\"https:\/\/contactoatlantico.com\/wp-content\/uploads\/2025\/10\/adrian-1.jpg\" alt=\"Adrian Burzacovschi\" src=\"data:image\/svg+xml;base64,PHN2ZyB3aWR0aD0iMSIgaGVpZ2h0PSIxIiB4bWxucz0iaHR0cDovL3d3dy53My5vcmcvMjAwMC9zdmciPjwvc3ZnPg==\" class=\"lazyload\" style=\"--smush-placeholder-width: 1280px; --smush-placeholder-aspect-ratio: 1280\/1600;\">\n                    <h4 class=\"mt-3 font-bold tracking-[2px] uppercase\">Adrian Burzacovschi<\/h4>\n                    <div class=\"text-sm font-light\">\n                        Intern Architect                    <\/div>\n                <\/div>\n                                <div>\n                    <img decoding=\"async\" data-src=\"https:\/\/contactoatlantico.com\/wp-content\/uploads\/2025\/10\/madalena-branco-1.jpg\" alt=\"Madalena Branco\" src=\"data:image\/svg+xml;base64,PHN2ZyB3aWR0aD0iMSIgaGVpZ2h0PSIxIiB4bWxucz0iaHR0cDovL3d3dy53My5vcmcvMjAwMC9zdmciPjwvc3ZnPg==\" class=\"lazyload\" style=\"--smush-placeholder-width: 1280px; --smush-placeholder-aspect-ratio: 1280\/1600;\">\n                    <h4 class=\"mt-3 font-bold tracking-[2px] uppercase\">Madalena Branco<\/h4>\n                    <div class=\"text-sm font-light\">\n                        Arquiteta Paisagista Estagi\u00e1ria                    <\/div>\n                <\/div>\n                        <\/div>\n            \n<\/aside>","protected":false},"excerpt":{"rendered":"<p>ANDR\u00c9 CAIADO Arquiteto &#8211; Fundador A hist\u00f3ria da Contacto Atl\u00e2ntico funde-se com a hist\u00f3ria do seu fundador e CEO, o Arquitecto Andr\u00e9 Caiado, nascido em Lisboa em 1967.Arq. Andr\u00e9 Caiado formou-se pela primeira vez na arte e ci\u00eancia do desenho de edif\u00edcios na Universidade T\u00e9cnica de Lisboa, onde se licenciou como Arquiteto, em 1990. Arq. [&hellip;]<\/p>\n","protected":false},"author":1,"featured_media":0,"parent":0,"menu_order":0,"comment_status":"closed","ping_status":"closed","template":"","meta":{"_acf_changed":false,"_seopress_robots_primary_cat":"","_seopress_titles_title":"","_seopress_titles_desc":"","_seopress_robots_index":"","footnotes":""},"class_list":["post-1048","page","type-page","status-publish","hentry"],"acf":[],"_links":{"self":[{"href":"https:\/\/contactoatlantico.com\/pt-pt\/wp-json\/wp\/v2\/pages\/1048","targetHints":{"allow":["GET"]}}],"collection":[{"href":"https:\/\/contactoatlantico.com\/pt-pt\/wp-json\/wp\/v2\/pages"}],"about":[{"href":"https:\/\/contactoatlantico.com\/pt-pt\/wp-json\/wp\/v2\/types\/page"}],"author":[{"embeddable":true,"href":"https:\/\/contactoatlantico.com\/pt-pt\/wp-json\/wp\/v2\/users\/1"}],"replies":[{"embeddable":true,"href":"https:\/\/contactoatlantico.com\/pt-pt\/wp-json\/wp\/v2\/comments?post=1048"}],"version-history":[{"count":8,"href":"https:\/\/contactoatlantico.com\/pt-pt\/wp-json\/wp\/v2\/pages\/1048\/revisions"}],"predecessor-version":[{"id":8480,"href":"https:\/\/contactoatlantico.com\/pt-pt\/wp-json\/wp\/v2\/pages\/1048\/revisions\/8480"}],"wp:attachment":[{"href":"https:\/\/contactoatlantico.com\/pt-pt\/wp-json\/wp\/v2\/media?parent=1048"}],"curies":[{"name":"wp","href":"https:\/\/api.w.org\/{rel}","templated":true}]}}