{"id":20,"date":"2024-10-15T15:15:01","date_gmt":"2024-10-15T14:15:01","guid":{"rendered":"https:\/\/contactoatlantico.com\/contacto-atlantico\/"},"modified":"2025-05-21T15:06:19","modified_gmt":"2025-05-21T14:06:19","slug":"contacto-atlantico","status":"publish","type":"page","link":"https:\/\/contactoatlantico.com\/pt-pt\/","title":{"rendered":"Contacto Atl\u00e2ntico"},"content":{"rendered":"\n<h2 class=\"wp-block-heading has-text-align-center mt-16 mb-8 text-5xl font-normal text-center uppercase\">Servi\u00e7os<\/h2>\n\n\n\n<div style=\"height:30px\" aria-hidden=\"true\" class=\"wp-block-spacer\"><\/div>\n\n\n\n<div class=\"wp-block-columns is-layout-flex wp-container-core-columns-is-layout-9d6595d7 wp-block-columns-is-layout-flex\">\n<div class=\"wp-block-column is-layout-flow wp-block-column-is-layout-flow\">\n<h2 class=\"wp-block-heading homepage-button\"><a href=\"https:\/\/contactoatlantico.com\/pt-pt\/servicos\/arquitetura\/\" data-type=\"page\" data-id=\"1040\">Arquitetura<\/a><\/h2>\n\n\n\n<p>Na Contacto Atl\u00e2ntico, projetamos edif\u00edcios contempor\u00e2neos e sustent\u00e1veis que combinam funcionalidade e beleza.<\/p>\n\n\n\n<p>Os nossos servi\u00e7os de arquitetura transformam espa\u00e7os em marcos de inova\u00e7\u00e3o e eleg\u00e2ncia.<\/p>\n<\/div>\n\n\n\n<div class=\"wp-block-column is-layout-flow wp-block-column-is-layout-flow\">\n<h2 class=\"wp-block-heading homepage-button has-regular-font-size\"><a href=\"https:\/\/contactoatlantico.com\/pt-pt\/servicos\/engenharia\/\" data-type=\"page\" data-id=\"1042\">Engenharia<\/a><\/h2>\n\n\n\n<p>As nossas solu\u00e7\u00f5es de engenharia garantem que os seus projetos sejam constru\u00eddos com precis\u00e3o e seguran\u00e7a.<\/p>\n\n\n\n<p>Integramos tecnologia moderna para oferecer m\u00e9todos de constru\u00e7\u00e3o eficientes e ecol\u00f3gicos, adaptados a qualquer escala.<\/p>\n<\/div>\n\n\n\n<div class=\"wp-block-column is-layout-flow wp-block-column-is-layout-flow\">\n<h2 class=\"wp-block-heading homepage-button\"><a href=\"https:\/\/contactoatlantico.com\/pt-pt\/servicos\/design-de-interiores\/\" data-type=\"page\" data-id=\"1044\">Design de Interiores<\/a><\/h2>\n\n\n\n<p>Os nossos servi\u00e7os de design de interiores harmonizam est\u00e9tica e funcionalidade, criando espa\u00e7os que inspiram e se adaptam \u00e0s suas necessidades.<\/p>\n\n\n\n<p>Desde ref\u00fagios residenciais acolhedores a ambientes comerciais din\u00e2micos, redefinimos interiores com eleg\u00e2ncia e prop\u00f3sito.<\/p>\n<\/div>\n\n\n\n<div class=\"wp-block-column is-layout-flow wp-block-column-is-layout-flow\">\n<h2 class=\"wp-block-heading homepage-button has-regular-font-size\"><a href=\"https:\/\/contactoatlantico.com\/pt-pt\/servicos\/paisagismo\/\" data-type=\"page\" data-id=\"1046\">Paisagismo<\/a><\/h2>\n\n\n\n<p>Transforme os seus espa\u00e7os exteriores com as nossas solu\u00e7\u00f5es de arquitetura paisagista.<\/p>\n\n\n\n<p>Criamos paisagens sustent\u00e1veis e visualmente impactantes que real\u00e7am a beleza de qualquer ambiente.<\/p>\n<\/div>\n<\/div>\n","protected":false},"excerpt":{"rendered":"<p>Servi\u00e7os Arquitetura Na Contacto Atl\u00e2ntico, projetamos edif\u00edcios contempor\u00e2neos e sustent\u00e1veis que combinam funcionalidade e beleza. Os nossos servi\u00e7os de arquitetura transformam espa\u00e7os em marcos de inova\u00e7\u00e3o e eleg\u00e2ncia. Engenharia As nossas solu\u00e7\u00f5es de engenharia garantem que os seus projetos sejam constru\u00eddos com precis\u00e3o e seguran\u00e7a. Integramos tecnologia moderna para oferecer m\u00e9todos de constru\u00e7\u00e3o eficientes e [&hellip;]<\/p>\n","protected":false},"author":1,"featured_media":0,"parent":0,"menu_order":0,"comment_status":"closed","ping_status":"open","template":"","meta":{"_acf_changed":false,"_seopress_robots_primary_cat":"","_seopress_titles_title":"","_seopress_titles_desc":"","_seopress_robots_index":"","footnotes":""},"class_list":["post-20","page","type-page","status-publish","hentry"],"acf":[],"_links":{"self":[{"href":"https:\/\/contactoatlantico.com\/pt-pt\/wp-json\/wp\/v2\/pages\/20","targetHints":{"allow":["GET"]}}],"collection":[{"href":"https:\/\/contactoatlantico.com\/pt-pt\/wp-json\/wp\/v2\/pages"}],"about":[{"href":"https:\/\/contactoatlantico.com\/pt-pt\/wp-json\/wp\/v2\/types\/page"}],"author":[{"embeddable":true,"href":"https:\/\/contactoatlantico.com\/pt-pt\/wp-json\/wp\/v2\/users\/1"}],"replies":[{"embeddable":true,"href":"https:\/\/contactoatlantico.com\/pt-pt\/wp-json\/wp\/v2\/comments?post=20"}],"version-history":[{"count":22,"href":"https:\/\/contactoatlantico.com\/pt-pt\/wp-json\/wp\/v2\/pages\/20\/revisions"}],"predecessor-version":[{"id":8936,"href":"https:\/\/contactoatlantico.com\/pt-pt\/wp-json\/wp\/v2\/pages\/20\/revisions\/8936"}],"wp:attachment":[{"href":"https:\/\/contactoatlantico.com\/pt-pt\/wp-json\/wp\/v2\/media?parent=20"}],"curies":[{"name":"wp","href":"https:\/\/api.w.org\/{rel}","templated":true}]}}